{"id":7,"date":"2024-12-28T13:38:48","date_gmt":"2024-12-28T12:38:48","guid":{"rendered":"https:\/\/champagnecharlesorban.com\/preprod\/\/?page_id=7"},"modified":"2025-02-27T10:36:52","modified_gmt":"2025-02-27T09:36:52","slug":"collection","status":"publish","type":"page","link":"https:\/\/champagnecharlesorban.com\/preprod\/collection\/","title":{"rendered":"Collection"},"content":{"rendered":"<p>[et_pb_section fb_built=\u00a0\u00bb1&Prime; _builder_version=\u00a0\u00bb4.27.4&Prime; _module_preset=\u00a0\u00bbdefault\u00a0\u00bb background_image=\u00a0\u00bbhttps:\/\/champagnecharlesorban.com\/preprod\/\/wp-content\/uploads\/2024\/12\/fond_collection_reverese_blacker.jpg\u00a0\u00bb parallax=\u00a0\u00bbon\u00a0\u00bb min_height=\u00a0\u00bb80vh\u00a0\u00bb min_height_tablet=\u00a0\u00bb80vh\u00a0\u00bb min_height_phone=\u00a0\u00bb\u00a0\u00bb min_height_last_edited=\u00a0\u00bbon|phone\u00a0\u00bb global_colors_info=\u00a0\u00bb{}\u00a0\u00bb][et_pb_row _builder_version=\u00a0\u00bb4.27.4&Prime; _module_preset=\u00a0\u00bbdefault\u00a0\u00bb width=\u00a0\u00bb55%\u00a0\u00bb global_colors_info=\u00a0\u00bb{}\u00a0\u00bb][et_pb_column type=\u00a0\u00bb4_4&Prime; _builder_version=\u00a0\u00bb4.27.3&Prime; _module_preset=\u00a0\u00bbdefault\u00a0\u00bb global_colors_info=\u00a0\u00bb{}\u00a0\u00bb][et_pb_text _builder_version=\u00a0\u00bb4.27.4&Prime; _module_preset=\u00a0\u00bbb7d1e821-6f97-4dfc-8097-c5821cd6d9b9&Prime; header_text_color=\u00a0\u00bbgcid-943c306f-743d-4113-9eaf-90b74e52c011&Prime; header_font_size=\u00a0\u00bb6vw\u00a0\u00bb width=\u00a0\u00bb100%\u00a0\u00bb custom_margin=\u00a0\u00bb9vh||0px||false|false\u00a0\u00bb global_colors_info=\u00a0\u00bb{%22gcid-943c306f-743d-4113-9eaf-90b74e52c011%22:%91%22header_text_color%22%93}\u00a0\u00bb]<\/p>\n<h1 class=\"p1\">R\u00e9coltant-manipulant situ\u00e9 au c\u0153ur de la Vall\u00e9e de la Marne \u00e0 Troissy<\/h1>\n<p>[\/et_pb_text][\/et_pb_column][\/et_pb_row][\/et_pb_section][et_pb_section fb_built=\u00a0\u00bb1&Prime; _builder_version=\u00a0\u00bb4.27.3&Prime; _module_preset=\u00a0\u00bbdefault\u00a0\u00bb background_color=\u00a0\u00bb#000000&Prime; custom_padding=\u00a0\u00bb||49px|||\u00a0\u00bb global_colors_info=\u00a0\u00bb{}\u00a0\u00bb][et_pb_row _builder_version=\u00a0\u00bb4.27.4&Prime; _module_preset=\u00a0\u00bbdefault\u00a0\u00bb custom_padding=\u00a0\u00bb||18px|||\u00a0\u00bb global_colors_info=\u00a0\u00bb{}\u00a0\u00bb][et_pb_column type=\u00a0\u00bb4_4&Prime; _builder_version=\u00a0\u00bb4.27.3&Prime; _module_preset=\u00a0\u00bbdefault\u00a0\u00bb global_colors_info=\u00a0\u00bb{}\u00a0\u00bb][et_pb_text _builder_version=\u00a0\u00bb4.27.4&Prime; _module_preset=\u00a0\u00bbb7d1e821-6f97-4dfc-8097-c5821cd6d9b9&Prime; text_font=\u00a0\u00bbBricolage|100|||||||\u00a0\u00bb text_text_color=\u00a0\u00bbgcid-943c306f-743d-4113-9eaf-90b74e52c011&Prime; text_letter_spacing=\u00a0\u00bb3px\u00a0\u00bb text_orientation=\u00a0\u00bbcenter\u00a0\u00bb hover_enabled=\u00a0\u00bb0&Prime; global_colors_info=\u00a0\u00bb{%22gcid-943c306f-743d-4113-9eaf-90b74e52c011%22:%91%22text_text_color%22%93}\u00a0\u00bb sticky_enabled=\u00a0\u00bb0&Prime;]<\/p>\n<p>NOTRE GAMME DE CHAMPAGNES<\/p>\n<p>[\/et_pb_text][et_pb_text _builder_version=\u00a0\u00bb4.27.4&Prime; _module_preset=\u00a0\u00bbb7d1e821-6f97-4dfc-8097-c5821cd6d9b9&Prime; header_text_align=\u00a0\u00bbcenter\u00a0\u00bb header_text_color=\u00a0\u00bbgcid-1e75df24-ebce-4948-b74e-649323df5b2a\u00a0\u00bb header_font_size=\u00a0\u00bb4vw\u00a0\u00bb width=\u00a0\u00bb100%\u00a0\u00bb max_width=\u00a0\u00bb100%\u00a0\u00bb header_font_size_tablet=\u00a0\u00bb4vw\u00a0\u00bb header_font_size_phone=\u00a0\u00bb10vw\u00a0\u00bb header_font_size_last_edited=\u00a0\u00bbon|phone\u00a0\u00bb global_colors_info=\u00a0\u00bb{%22gcid-1e75df24-ebce-4948-b74e-649323df5b2a%22:%91%22header_text_color%22%93}\u00a0\u00bb]<\/p>\n<h1 style=\"text-align: center;\">Au coeur du terroir<br \/>depuis 1770<\/h1>\n<p>[\/et_pb_text][et_pb_text _builder_version=\u00a0\u00bb4.27.4&Prime; _module_preset=\u00a0\u00bbb7d1e821-6f97-4dfc-8097-c5821cd6d9b9&Prime; header_text_color=\u00a0\u00bbgcid-943c306f-743d-4113-9eaf-90b74e52c011&Prime; header_font_size=\u00a0\u00bb2vw\u00a0\u00bb header_font_size_tablet=\u00a0\u00bb2vw\u00a0\u00bb header_font_size_phone=\u00a0\u00bb4vw\u00a0\u00bb header_font_size_last_edited=\u00a0\u00bbon|phone\u00a0\u00bb global_colors_info=\u00a0\u00bb{%22gcid-943c306f-743d-4113-9eaf-90b74e52c011%22:%91%22header_text_color%22%93}\u00a0\u00bb]<\/p>\n<h1 style=\"text-align: center;\">Nos cuv\u00e9es signatures<\/h1>\n<p>[\/et_pb_text][\/et_pb_column][\/et_pb_row][et_pb_row column_structure=\u00a0\u00bb1_6,1_6,1_6,1_6,1_6,1_6&Prime; make_equal=\u00a0\u00bbon\u00a0\u00bb module_class=\u00a0\u00bbtwo-col-mob\u00a0\u00bb _builder_version=\u00a0\u00bb4.27.4&Prime; _module_preset=\u00a0\u00bbdefault\u00a0\u00bb z_index=\u00a0\u00bb98&Prime; width=\u00a0\u00bb54%\u00a0\u00bb global_colors_info=\u00a0\u00bb{}\u00a0\u00bb][et_pb_column type=\u00a0\u00bb1_6&Prime; _builder_version=\u00a0\u00bb4.27.3&Prime; _module_preset=\u00a0\u00bbdefault\u00a0\u00bb global_colors_info=\u00a0\u00bb{}\u00a0\u00bb][et_pb_image src=\u00a0\u00bbhttps:\/\/champagnecharlesorban.com\/preprod\/wp-content\/uploads\/2025\/01\/coll_cartenoire.jpg\u00a0\u00bb title_text=\u00a0\u00bbcoll_cartenoire\u00a0\u00bb url=\u00a0\u00bbhttps:\/\/champagnecharlesorban.com\/preprod\/collection\/#et_pb_post_slide-19&Prime; _builder_version=\u00a0\u00bb4.27.4&Prime; _module_preset=\u00a0\u00bbdefault\u00a0\u00bb global_colors_info=\u00a0\u00bb{}\u00a0\u00bb][\/et_pb_image][et_pb_text _builder_version=\u00a0\u00bb4.27.4&Prime; _module_preset=\u00a0\u00bbb7d1e821-6f97-4dfc-8097-c5821cd6d9b9&Prime; text_text_color=\u00a0\u00bbgcid-943c306f-743d-4113-9eaf-90b74e52c011&Prime; link_option_url=\u00a0\u00bbhttps:\/\/champagnecharlesorban.com\/preprod\/collection\/#et_pb_post_slide-19&Prime; global_colors_info=\u00a0\u00bb{%22gcid-943c306f-743d-4113-9eaf-90b74e52c011%22:%91%22text_text_color%22%93}\u00a0\u00bb]<\/p>\n<p style=\"text-align: center;\">Carte Noire<\/p>\n<p>[\/et_pb_text][\/et_pb_column][et_pb_column type=\u00a0\u00bb1_6&Prime; _builder_version=\u00a0\u00bb4.27.3&Prime; _module_preset=\u00a0\u00bbdefault\u00a0\u00bb global_colors_info=\u00a0\u00bb{}\u00a0\u00bb][et_pb_image src=\u00a0\u00bbhttps:\/\/champagnecharlesorban.com\/preprod\/wp-content\/uploads\/2025\/01\/coll_bdn.jpg\u00a0\u00bb title_text=\u00a0\u00bbcoll_bdn\u00a0\u00bb url=\u00a0\u00bbhttps:\/\/champagnecharlesorban.com\/preprod\/collection\/#et_pb_post_slide-64&Prime; admin_label=\u00a0\u00bbImage\u00a0\u00bb _builder_version=\u00a0\u00bb4.27.4&Prime; _module_preset=\u00a0\u00bbdefault\u00a0\u00bb global_colors_info=\u00a0\u00bb{}\u00a0\u00bb][\/et_pb_image][et_pb_text _builder_version=\u00a0\u00bb4.27.3&Prime; _module_preset=\u00a0\u00bbb7d1e821-6f97-4dfc-8097-c5821cd6d9b9&Prime; text_text_color=\u00a0\u00bbgcid-943c306f-743d-4113-9eaf-90b74e52c011&Prime; global_colors_info=\u00a0\u00bb{%22gcid-943c306f-743d-4113-9eaf-90b74e52c011%22:%91%22text_text_color%22%93}\u00a0\u00bb]<\/p>\n<p style=\"text-align: center;\">Blanc de Noirs<\/p>\n<p>[\/et_pb_text][\/et_pb_column][et_pb_column type=\u00a0\u00bb1_6&Prime; _builder_version=\u00a0\u00bb4.27.3&Prime; _module_preset=\u00a0\u00bbdefault\u00a0\u00bb global_colors_info=\u00a0\u00bb{}\u00a0\u00bb][et_pb_image src=\u00a0\u00bbhttps:\/\/champagnecharlesorban.com\/preprod\/wp-content\/uploads\/2025\/01\/coll_bdb34.jpg\u00a0\u00bb title_text=\u00a0\u00bbcoll_bdb34&Prime; url=\u00a0\u00bbhttps:\/\/champagnecharlesorban.com\/preprod\/collection\/#et_pb_post_slide-76&Prime; admin_label=\u00a0\u00bbImage\u00a0\u00bb _builder_version=\u00a0\u00bb4.27.4&Prime; _module_preset=\u00a0\u00bbdefault\u00a0\u00bb global_colors_info=\u00a0\u00bb{}\u00a0\u00bb][\/et_pb_image][et_pb_text _builder_version=\u00a0\u00bb4.27.3&Prime; _module_preset=\u00a0\u00bbb7d1e821-6f97-4dfc-8097-c5821cd6d9b9&Prime; text_text_color=\u00a0\u00bbgcid-943c306f-743d-4113-9eaf-90b74e52c011&Prime; global_colors_info=\u00a0\u00bb{%22gcid-943c306f-743d-4113-9eaf-90b74e52c011%22:%91%22text_text_color%22%93}\u00a0\u00bb]<\/p>\n<p style=\"text-align: center;\">Blanc de Blancs<\/p>\n<p>[\/et_pb_text][\/et_pb_column][et_pb_column type=\u00a0\u00bb1_6&Prime; _builder_version=\u00a0\u00bb4.27.3&Prime; _module_preset=\u00a0\u00bbdefault\u00a0\u00bb global_colors_info=\u00a0\u00bb{}\u00a0\u00bb][et_pb_image src=\u00a0\u00bbhttps:\/\/champagnecharlesorban.com\/preprod\/wp-content\/uploads\/2025\/01\/coll_rose.jpg\u00a0\u00bb title_text=\u00a0\u00bbcoll_rose\u00a0\u00bb url=\u00a0\u00bbhttps:\/\/champagnecharlesorban.com\/preprod\/collection\/#et_pb_post_slide-84&Prime; admin_label=\u00a0\u00bbImage\u00a0\u00bb _builder_version=\u00a0\u00bb4.27.4&Prime; _module_preset=\u00a0\u00bbdefault\u00a0\u00bb global_colors_info=\u00a0\u00bb{}\u00a0\u00bb][\/et_pb_image][et_pb_text _builder_version=\u00a0\u00bb4.27.3&Prime; _module_preset=\u00a0\u00bbb7d1e821-6f97-4dfc-8097-c5821cd6d9b9&Prime; text_text_color=\u00a0\u00bbgcid-943c306f-743d-4113-9eaf-90b74e52c011&Prime; global_colors_info=\u00a0\u00bb{%22gcid-943c306f-743d-4113-9eaf-90b74e52c011%22:%91%22text_text_color%22%93}\u00a0\u00bb]<\/p>\n<p style=\"text-align: center;\">Ros\u00e9<\/p>\n<p>[\/et_pb_text][\/et_pb_column][et_pb_column type=\u00a0\u00bb1_6&Prime; _builder_version=\u00a0\u00bb4.27.3&Prime; _module_preset=\u00a0\u00bbdefault\u00a0\u00bb global_colors_info=\u00a0\u00bb{}\u00a0\u00bb][et_pb_image src=\u00a0\u00bbhttps:\/\/champagnecharlesorban.com\/preprod\/wp-content\/uploads\/2025\/01\/coll-demisec.jpg\u00a0\u00bb title_text=\u00a0\u00bbcoll-demisec\u00a0\u00bb url=\u00a0\u00bbhttps:\/\/champagnecharlesorban.com\/preprod\/collection\/#et_pb_post_slide-85&Prime; _builder_version=\u00a0\u00bb4.27.4&Prime; _module_preset=\u00a0\u00bbdefault\u00a0\u00bb global_colors_info=\u00a0\u00bb{}\u00a0\u00bb][\/et_pb_image][et_pb_text _builder_version=\u00a0\u00bb4.27.4&Prime; _module_preset=\u00a0\u00bbb7d1e821-6f97-4dfc-8097-c5821cd6d9b9&Prime; text_text_color=\u00a0\u00bbgcid-943c306f-743d-4113-9eaf-90b74e52c011&Prime; global_colors_info=\u00a0\u00bb{%22gcid-943c306f-743d-4113-9eaf-90b74e52c011%22:%91%22text_text_color%22%93}\u00a0\u00bb]<\/p>\n<p style=\"text-align: center;\">Demi-sec<\/p>\n<p>[\/et_pb_text][\/et_pb_column][et_pb_column type=\u00a0\u00bb1_6&Prime; _builder_version=\u00a0\u00bb4.27.3&Prime; _module_preset=\u00a0\u00bbdefault\u00a0\u00bb global_colors_info=\u00a0\u00bb{}\u00a0\u00bb][et_pb_image src=\u00a0\u00bbhttps:\/\/champagnecharlesorban.com\/preprod\/wp-content\/uploads\/2025\/01\/coll_millesime.jpg\u00a0\u00bb title_text=\u00a0\u00bbcoll_millesime\u00a0\u00bb url=\u00a0\u00bbhttps:\/\/champagnecharlesorban.com\/preprod\/collection\/#et_pb_post_slide-86&Prime; admin_label=\u00a0\u00bbImage\u00a0\u00bb _builder_version=\u00a0\u00bb4.27.4&Prime; _module_preset=\u00a0\u00bbdefault\u00a0\u00bb global_colors_info=\u00a0\u00bb{}\u00a0\u00bb][\/et_pb_image][et_pb_text _builder_version=\u00a0\u00bb4.27.4&Prime; _module_preset=\u00a0\u00bbb7d1e821-6f97-4dfc-8097-c5821cd6d9b9&Prime; text_text_color=\u00a0\u00bbgcid-943c306f-743d-4113-9eaf-90b74e52c011&Prime; global_colors_info=\u00a0\u00bb{%22gcid-943c306f-743d-4113-9eaf-90b74e52c011%22:%91%22text_text_color%22%93}\u00a0\u00bb]<\/p>\n<p style=\"text-align: center;\">Mill\u00e9sime 2019<\/p>\n<p>[\/et_pb_text][\/et_pb_column][\/et_pb_row][\/et_pb_section][et_pb_section fb_built=\u00a0\u00bb1&Prime; custom_padding_last_edited=\u00a0\u00bbon|tablet\u00a0\u00bb module_class=\u00a0\u00bbcollection-product-slider\u00a0\u00bb _builder_version=\u00a0\u00bb4.27.4&Prime; _module_preset=\u00a0\u00bbdefault\u00a0\u00bb custom_padding=\u00a0\u00bb0px|||||\u00a0\u00bb custom_padding_tablet=\u00a0\u00bb0px||60px||false|false\u00a0\u00bb custom_padding_phone=\u00a0\u00bb0px||60px||false|false\u00a0\u00bb global_colors_info=\u00a0\u00bb{}\u00a0\u00bb][et_pb_row custom_padding_last_edited=\u00a0\u00bbon|tablet\u00a0\u00bb admin_label=\u00a0\u00bbRow\u00a0\u00bb _builder_version=\u00a0\u00bb4.27.4&Prime; _module_preset=\u00a0\u00bbdefault\u00a0\u00bb width=\u00a0\u00bb100%\u00a0\u00bb max_width=\u00a0\u00bb100%\u00a0\u00bb custom_margin=\u00a0\u00bb|auto|||false|false\u00a0\u00bb custom_padding=\u00a0\u00bb||||false|false\u00a0\u00bb custom_padding_tablet=\u00a0\u00bb||0px||false|false\u00a0\u00bb custom_padding_phone=\u00a0\u00bb||0px||false|false\u00a0\u00bb global_colors_info=\u00a0\u00bb{}\u00a0\u00bb][et_pb_column type=\u00a0\u00bb4_4&Prime; admin_label=\u00a0\u00bbColumn\u00a0\u00bb _builder_version=\u00a0\u00bb4.27.4&Prime; _module_preset=\u00a0\u00bbdefault\u00a0\u00bb global_colors_info=\u00a0\u00bb{}\u00a0\u00bb][et_pb_post_slider orderby=\u00a0\u00bbdate_asc\u00a0\u00bb show_more_button=\u00a0\u00bboff\u00a0\u00bb content_source=\u00a0\u00bbon\u00a0\u00bb show_meta=\u00a0\u00bboff\u00a0\u00bb use_bg_overlay=\u00a0\u00bboff\u00a0\u00bb use_text_overlay=\u00a0\u00bboff\u00a0\u00bb arrows_custom_color=\u00a0\u00bb#000000&Prime; module_class=\u00a0\u00bbcollection_slider\u00a0\u00bb _builder_version=\u00a0\u00bb4.24.3&Prime; _module_preset=\u00a0\u00bbdefault\u00a0\u00bb background_enable_color=\u00a0\u00bboff\u00a0\u00bb background_layout=\u00a0\u00bblight\u00a0\u00bb custom_padding=\u00a0\u00bb0px|0px|0px|0px|false|false\u00a0\u00bb hover_enabled=\u00a0\u00bb0&Prime; global_colors_info=\u00a0\u00bb{}\u00a0\u00bb sticky_enabled=\u00a0\u00bb0&Prime;][\/et_pb_post_slider][\/et_pb_column][\/et_pb_row][\/et_pb_section]<\/p>\n","protected":false},"excerpt":{"rendered":"<p>R\u00e9coltant-manipulant situ\u00e9 au c\u0153ur de la Vall\u00e9e de la Marne \u00e0 TroissyNOTRE GAMME DE CHAMPAGNESAu coeur du terroirdepuis 1770Nos cuv\u00e9es signaturesCarte NoireBlanc de NoirsBlanc de BlancsRos\u00e9Demi-secMill\u00e9sime 2019<\/p>\n","protected":false},"author":1,"featured_media":0,"parent":0,"menu_order":0,"comment_status":"closed","ping_status":"open","template":"","meta":{"_et_pb_use_builder":"on","_et_pb_old_content":"","_et_gb_content_width":"","footnotes":""},"class_list":["post-7","page","type-page","status-publish","hentry"],"_links":{"self":[{"href":"https:\/\/champagnecharlesorban.com\/preprod\/wp-json\/wp\/v2\/pages\/7","targetHints":{"allow":["GET"]}}],"collection":[{"href":"https:\/\/champagnecharlesorban.com\/preprod\/wp-json\/wp\/v2\/pages"}],"about":[{"href":"https:\/\/champagnecharlesorban.com\/preprod\/wp-json\/wp\/v2\/types\/page"}],"author":[{"embeddable":true,"href":"https:\/\/champagnecharlesorban.com\/preprod\/wp-json\/wp\/v2\/users\/1"}],"replies":[{"embeddable":true,"href":"https:\/\/champagnecharlesorban.com\/preprod\/wp-json\/wp\/v2\/comments?post=7"}],"version-history":[{"count":11,"href":"https:\/\/champagnecharlesorban.com\/preprod\/wp-json\/wp\/v2\/pages\/7\/revisions"}],"predecessor-version":[{"id":730,"href":"https:\/\/champagnecharlesorban.com\/preprod\/wp-json\/wp\/v2\/pages\/7\/revisions\/730"}],"wp:attachment":[{"href":"https:\/\/champagnecharlesorban.com\/preprod\/wp-json\/wp\/v2\/media?parent=7"}],"curies":[{"name":"wp","href":"https:\/\/api.w.org\/{rel}","templated":true}]}}